{"id":3531,"date":"2022-03-30T21:39:08","date_gmt":"2022-03-30T21:39:08","guid":{"rendered":"https:\/\/www.demenhouse.fr\/blog-conseils\/?page_id=3531"},"modified":"2022-04-01T23:23:52","modified_gmt":"2022-04-01T23:23:52","slug":"nos-partenaires","status":"publish","type":"page","link":"https:\/\/www.demenhouse.fr\/blog-conseils\/nos-partenaires\/","title":{"rendered":"Nos partenaires"},"content":{"rendered":"\t\t<div data-elementor-type=\"wp-page\" data-elementor-id=\"3531\" class=\"elementor elementor-3531\">\n\t\t\t\t\t\t\t\t\t<section class=\"elementor-section elementor-top-section elementor-element elementor-element-32bee987 elementor-section-height-min-height elementor-section-boxed elementor-section-height-default elementor-section-items-middle\" data-id=\"32bee987\" data-element_type=\"section\" data-settings=\"{&quot;background_background&quot;:&quot;classic&quot;,&quot;_ha_eqh_enable&quot;:false}\">\n\t\t\t\t\t\t\t<div class=\"elementor-background-overlay\"><\/div>\n\t\t\t\t\t\t\t<div class=\"elementor-container elementor-column-gap-default\">\n\t\t\t\t\t<div class=\"elementor-column elementor-col-100 elementor-top-column elementor-element elementor-element-5856616\" data-id=\"5856616\" data-element_type=\"column\">\n\t\t\t<div class=\"elementor-widget-wrap elementor-element-populated\">\n\t\t\t\t\t\t\t\t<section class=\"elementor-section elementor-inner-section elementor-element elementor-element-1cca3f13 elementor-section-boxed elementor-section-height-default elementor-section-height-default\" data-id=\"1cca3f13\" data-element_type=\"section\" data-settings=\"{&quot;_ha_eqh_enable&quot;:false}\">\n\t\t\t\t\t\t<div class=\"elementor-container elementor-column-gap-default\">\n\t\t\t\t\t<div class=\"elementor-column elementor-col-50 elementor-inner-column elementor-element elementor-element-4b5c649b\" data-id=\"4b5c649b\" data-element_type=\"column\">\n\t\t\t<div class=\"elementor-widget-wrap elementor-element-populated\">\n\t\t\t\t\t\t\t\t<div class=\"elementor-element elementor-element-2731f48c elementor-widget elementor-widget-heading\" data-id=\"2731f48c\" data-element_type=\"widget\" data-widget_type=\"heading.default\">\n\t\t\t\t<div class=\"elementor-widget-container\">\n\t\t\t<h2 class=\"elementor-heading-title elementor-size-default\">Accueil<\/h2>\t\t<\/div>\n\t\t\t\t<\/div>\n\t\t\t\t\t<\/div>\n\t\t<\/div>\n\t\t\t\t<div class=\"elementor-column elementor-col-50 elementor-inner-column elementor-element elementor-element-3df435ff\" data-id=\"3df435ff\" data-element_type=\"column\">\n\t\t\t<div class=\"elementor-widget-wrap elementor-element-populated\">\n\t\t\t\t\t\t\t\t<div class=\"elementor-element elementor-element-67c20b7a elementor-widget elementor-widget-heading\" data-id=\"67c20b7a\" data-element_type=\"widget\" data-widget_type=\"heading.default\">\n\t\t\t\t<div class=\"elementor-widget-container\">\n\t\t\t<h2 class=\"elementor-heading-title elementor-size-default\">Nos Partenaires<\/h2>\t\t<\/div>\n\t\t\t\t<\/div>\n\t\t\t\t\t<\/div>\n\t\t<\/div>\n\t\t\t\t\t\t\t<\/div>\n\t\t<\/section>\n\t\t\t\t<div class=\"elementor-element elementor-element-6b243a28 elementor-widget elementor-widget-heading\" data-id=\"6b243a28\" data-element_type=\"widget\" data-widget_type=\"heading.default\">\n\t\t\t\t<div class=\"elementor-widget-container\">\n\t\t\t<h1 class=\"elementor-heading-title elementor-size-default\">Nos partenaires<\/h1>\t\t<\/div>\n\t\t\t\t<\/div>\n\t\t\t\t\t<\/div>\n\t\t<\/div>\n\t\t\t\t\t\t\t<\/div>\n\t\t<\/section>\n\t\t\t\t<section class=\"elementor-section elementor-top-section elementor-element elementor-element-1381de2c elementor-section-content-middle elementor-section-boxed elementor-section-height-default elementor-section-height-default\" data-id=\"1381de2c\" data-element_type=\"section\" data-settings=\"{&quot;background_background&quot;:&quot;classic&quot;,&quot;_ha_eqh_enable&quot;:false}\">\n\t\t\t\t\t\t<div class=\"elementor-container elementor-column-gap-default\">\n\t\t\t\t\t<div class=\"elementor-column elementor-col-100 elementor-top-column elementor-element elementor-element-5705bf90\" data-id=\"5705bf90\" data-element_type=\"column\">\n\t\t\t<div class=\"elementor-widget-wrap elementor-element-populated\">\n\t\t\t\t\t\t\t\t<section class=\"elementor-section elementor-inner-section elementor-element elementor-element-4d5ce771 elementor-section-boxed elementor-section-height-default elementor-section-height-default\" data-id=\"4d5ce771\" data-element_type=\"section\" data-settings=\"{&quot;_ha_eqh_enable&quot;:false}\">\n\t\t\t\t\t\t<div class=\"elementor-container elementor-column-gap-default\">\n\t\t\t\t\t<div class=\"elementor-column elementor-col-100 elementor-inner-column elementor-element elementor-element-5815ab4\" data-id=\"5815ab4\" data-element_type=\"column\">\n\t\t\t<div class=\"elementor-widget-wrap elementor-element-populated\">\n\t\t\t\t\t\t\t\t<div class=\"elementor-element elementor-element-6c061297 elementor-widget elementor-widget-heading\" data-id=\"6c061297\" data-element_type=\"widget\" data-widget_type=\"heading.default\">\n\t\t\t\t<div class=\"elementor-widget-container\">\n\t\t\t<h2 class=\"elementor-heading-title elementor-size-default\">D\u00e9couvrez les partenaires qui nous font confiance<\/h2>\t\t<\/div>\n\t\t\t\t<\/div>\n\t\t\t\t\t<\/div>\n\t\t<\/div>\n\t\t\t\t\t\t\t<\/div>\n\t\t<\/section>\n\t\t\t\t<section class=\"elementor-section elementor-inner-section elementor-element elementor-element-6ffc1e elementor-section-boxed elementor-section-height-default elementor-section-height-default\" data-id=\"6ffc1e\" data-element_type=\"section\" data-settings=\"{&quot;_ha_eqh_enable&quot;:false}\">\n\t\t\t\t\t\t<div class=\"elementor-container elementor-column-gap-default\">\n\t\t\t\t\t<div class=\"elementor-column elementor-col-50 elementor-inner-column elementor-element elementor-element-54e589e1\" data-id=\"54e589e1\" data-element_type=\"column\">\n\t\t\t<div class=\"elementor-widget-wrap elementor-element-populated\">\n\t\t\t\t\t\t\t\t<div class=\"elementor-element elementor-element-333d7a9 elementor-widget elementor-widget-image\" data-id=\"333d7a9\" data-element_type=\"widget\" data-widget_type=\"image.default\">\n\t\t\t\t<div class=\"elementor-widget-container\">\n\t\t\t\t\t\t\t\t\t\t\t\t\t\t\t<img decoding=\"async\" width=\"425\" height=\"319\" src=\"https:\/\/www.demenhouse.fr\/blog-conseils\/wp-content\/uploads\/2022\/03\/Emmaus-Liberte-partenaire-demenhouse.jpg\" class=\"attachment-large size-large wp-image-3523\" alt=\"\" srcset=\"https:\/\/www.demenhouse.fr\/blog-conseils\/wp-content\/uploads\/2022\/03\/Emmaus-Liberte-partenaire-demenhouse.jpg 425w, https:\/\/www.demenhouse.fr\/blog-conseils\/wp-content\/uploads\/2022\/03\/Emmaus-Liberte-partenaire-demenhouse-300x225.jpg 300w\" sizes=\"(max-width: 425px) 100vw, 425px\" \/>\t\t\t\t\t\t\t\t\t\t\t\t\t\t\t<\/div>\n\t\t\t\t<\/div>\n\t\t\t\t<div class=\"elementor-element elementor-element-31a82562 elementor-widget elementor-widget-heading\" data-id=\"31a82562\" data-element_type=\"widget\" data-widget_type=\"heading.default\">\n\t\t\t\t<div class=\"elementor-widget-container\">\n\t\t\t<h3 class=\"elementor-heading-title elementor-size-default\">Emma\u00fcs libert\u00e9 \n\n<\/h3>\t\t<\/div>\n\t\t\t\t<\/div>\n\t\t\t\t<div class=\"elementor-element elementor-element-48ef616c elementor-widget elementor-widget-text-editor\" data-id=\"48ef616c\" data-element_type=\"widget\" data-widget_type=\"text-editor.default\">\n\t\t\t\t<div class=\"elementor-widget-container\">\n\t\t\t\t\t\t\t<p><strong>Emma\u00fcs<\/strong> Libert\u00e9, dans le Val-de-Marne <strong>r\u00e9cup\u00e8re les objets<\/strong>, meubles et v\u00eatements en bon \u00e9tat. La plupart de ces dons proviennent de particuliers et sont revendus pour payer l\u2019ensemble des charges de la Communaut\u00e9 et fournir un h\u00e9bergement et une activit\u00e9 aux 40 compagnes et compagnons. Une fois ces charges pay\u00e9es la Communaut\u00e9 met en place des actions de solidarit\u00e9 envers les plus d\u00e9munis.<\/p><p>Plus d\u2019informations sur notre article : <span style=\"color: #bd9e5b;\"><a style=\"color: #bd9e5b;\" href=\"https:\/\/www.demenhouse.fr\/blog-conseils\/partenariat-emmaus-liberte\/\">Partenariat Emma\u00fcs libert\u00e9<\/a><\/span> ou rendez-vous sur leur site : <a href=\"http:\/\/www.emmausliberte.org\"><span style=\"color: #bd9e5b;\">www.emmausliberte.org<\/span><\/a><\/p>\t\t\t\t\t\t<\/div>\n\t\t\t\t<\/div>\n\t\t\t\t\t<\/div>\n\t\t<\/div>\n\t\t\t\t<div class=\"elementor-column elementor-col-50 elementor-inner-column elementor-element elementor-element-4e0fb72\" data-id=\"4e0fb72\" data-element_type=\"column\">\n\t\t\t<div class=\"elementor-widget-wrap elementor-element-populated\">\n\t\t\t\t\t\t\t\t<div class=\"elementor-element elementor-element-6591b69d elementor-widget elementor-widget-image\" data-id=\"6591b69d\" data-element_type=\"widget\" data-widget_type=\"image.default\">\n\t\t\t\t<div class=\"elementor-widget-container\">\n\t\t\t\t\t\t\t\t\t\t\t\t\t\t\t<img decoding=\"async\" width=\"425\" height=\"319\" src=\"https:\/\/www.demenhouse.fr\/blog-conseils\/wp-content\/uploads\/2022\/03\/amonbox-logo-partenaire-demenhouse.jpg\" class=\"attachment-large size-large wp-image-3524\" alt=\"\" srcset=\"https:\/\/www.demenhouse.fr\/blog-conseils\/wp-content\/uploads\/2022\/03\/amonbox-logo-partenaire-demenhouse.jpg 425w, https:\/\/www.demenhouse.fr\/blog-conseils\/wp-content\/uploads\/2022\/03\/amonbox-logo-partenaire-demenhouse-300x225.jpg 300w\" sizes=\"(max-width: 425px) 100vw, 425px\" \/>\t\t\t\t\t\t\t\t\t\t\t\t\t\t\t<\/div>\n\t\t\t\t<\/div>\n\t\t\t\t<div class=\"elementor-element elementor-element-7b05658f elementor-widget elementor-widget-heading\" data-id=\"7b05658f\" data-element_type=\"widget\" data-widget_type=\"heading.default\">\n\t\t\t\t<div class=\"elementor-widget-container\">\n\t\t\t<h3 class=\"elementor-heading-title elementor-size-default\">A Mon Box\n\n<\/h3>\t\t<\/div>\n\t\t\t\t<\/div>\n\t\t\t\t<div class=\"elementor-element elementor-element-2fda9535 elementor-widget elementor-widget-text-editor\" data-id=\"2fda9535\" data-element_type=\"widget\" data-widget_type=\"text-editor.default\">\n\t\t\t\t<div class=\"elementor-widget-container\">\n\t\t\t\t\t\t\t<p>Vous faites des travaux dans votre logement, vous d\u00e9m\u00e9nagez ou vous voulez tout simplement gagner de la place ? Stockez-les chez AMonBox. <strong>Self stockage \/ Auto stockage<\/strong> pour <strong>professionnels et particuliers<\/strong>. Situ\u00e9 \u00e0 Valenton dans le Val-de-Marne (94), votre centre A Mon Box vous accueil 7j\/7 de 6h \u00e0 22h.<\/p><p>Vid\u00e9o-surveillances 24h\/24, vous vous verrez attribuer un <strong>badge nominatif<\/strong> vous permettant d\u2019acc\u00e9der \u00e0 votre box, en dehors des heures d\u2019ouverture. <strong>Contrat sans engagement, sans frais d\u2019entr\u00e9e ni de sortie<\/strong>.<\/p><p>Plus d\u2019informations sur : <a href=\"http:\/\/www.amonbox.fr\/\"><span style=\"color: #bd9e5b;\">http:\/\/www.amonbox.fr\/<\/span><\/a><\/p>\t\t\t\t\t\t<\/div>\n\t\t\t\t<\/div>\n\t\t\t\t<div class=\"elementor-element elementor-element-54d95e54 elementor-widget elementor-widget-heading\" data-id=\"54d95e54\" data-element_type=\"widget\" data-widget_type=\"heading.default\">\n\t\t\t\t<div class=\"elementor-widget-container\">\n\t\t\t<h5 class=\"elementor-heading-title elementor-size-default\">B\u00e9n\u00e9ficiez de -10% sur votre location de box chez A Mon Box !\n\n<\/h5>\t\t<\/div>\n\t\t\t\t<\/div>\n\t\t\t\t\t<\/div>\n\t\t<\/div>\n\t\t\t\t\t\t\t<\/div>\n\t\t<\/section>\n\t\t\t\t<section class=\"elementor-section elementor-inner-section elementor-element elementor-element-38276088 elementor-section-boxed elementor-section-height-default elementor-section-height-default\" data-id=\"38276088\" data-element_type=\"section\" data-settings=\"{&quot;_ha_eqh_enable&quot;:false}\">\n\t\t\t\t\t\t<div class=\"elementor-container elementor-column-gap-default\">\n\t\t\t\t\t<div class=\"elementor-column elementor-col-50 elementor-inner-column elementor-element elementor-element-6b870319\" data-id=\"6b870319\" data-element_type=\"column\">\n\t\t\t<div class=\"elementor-widget-wrap elementor-element-populated\">\n\t\t\t\t\t\t\t\t<div class=\"elementor-element elementor-element-48ddb222 elementor-widget elementor-widget-image\" data-id=\"48ddb222\" data-element_type=\"widget\" data-widget_type=\"image.default\">\n\t\t\t\t<div class=\"elementor-widget-container\">\n\t\t\t\t\t\t\t\t\t\t\t\t\t\t\t<img decoding=\"async\" width=\"397\" height=\"250\" src=\"https:\/\/www.demenhouse.fr\/blog-conseils\/wp-content\/uploads\/2022\/03\/immobilier-a-cout-sur-partenaire-demenhouse.jpg\" class=\"attachment-large size-large wp-image-3525\" alt=\"\" srcset=\"https:\/\/www.demenhouse.fr\/blog-conseils\/wp-content\/uploads\/2022\/03\/immobilier-a-cout-sur-partenaire-demenhouse.jpg 397w, https:\/\/www.demenhouse.fr\/blog-conseils\/wp-content\/uploads\/2022\/03\/immobilier-a-cout-sur-partenaire-demenhouse-300x189.jpg 300w\" sizes=\"(max-width: 397px) 100vw, 397px\" \/>\t\t\t\t\t\t\t\t\t\t\t\t\t\t\t<\/div>\n\t\t\t\t<\/div>\n\t\t\t\t<div class=\"elementor-element elementor-element-7f1625c0 elementor-widget elementor-widget-heading\" data-id=\"7f1625c0\" data-element_type=\"widget\" data-widget_type=\"heading.default\">\n\t\t\t\t<div class=\"elementor-widget-container\">\n\t\t\t<h3 class=\"elementor-heading-title elementor-size-default\">L\u2019immobilier \u00e0 co\u00fbt s\u00fbr ! <\/h3>\t\t<\/div>\n\t\t\t\t<\/div>\n\t\t\t\t<div class=\"elementor-element elementor-element-76fb99c0 elementor-widget elementor-widget-text-editor\" data-id=\"76fb99c0\" data-element_type=\"widget\" data-widget_type=\"text-editor.default\">\n\t\t\t\t<div class=\"elementor-widget-container\">\n\t\t\t\t\t\t\t<p>Fabrice LIENHARDT est l\u2019un des <strong>sp\u00e9cialistes<\/strong> en mati\u00e8re de <strong>transactions immobili\u00e8res<\/strong> exer\u00e7ant son activit\u00e9 sur le <strong>Val d\u2019Yerres<\/strong> depuis 2001.<\/p><p>Fortement utilis\u00e9 de nos jours, Internet est devenu depuis quelques ann\u00e9es <strong>LA PREMI\u00c8RE VITRINE en mati\u00e8re d\u2019immobilier<\/strong>.<\/p><p>C\u2019est en 2011, qu\u2019il d\u00e9cide de fonder L\u2019IMMOBILIER \u00c0 CO\u00dbT S\u00dbR ! Un mod\u00e8le sans agence physique permettant d\u2019apporter \u00e0 ses clients un r\u00e9el <strong>service de proximit\u00e9<\/strong>.<\/p><p>Ce nouveau mod\u00e8le favorise un bar\u00e8me d\u2019<strong>honoraires r\u00e9duits<\/strong>, v\u00e9ritable atout lors d\u2019une transaction immobili\u00e8re mis au profit des clients.<\/p><p>L\u2019IMMOBILIER \u00c0 CO\u00dbT S\u00dbR ! vous propose un <strong>accompagnement personnalis\u00e9<\/strong> \u00e9tape par \u00e9tape jusqu\u2019\u00e0 la signature de l\u2019acte authentique.<\/p><p>Rendez-vous sur : <a href=\"https:\/\/www.limmobilieracoutsur.com\/\"><span style=\"color: #bd9e5b;\">https:\/\/www.limmobilieracoutsur.com\/<\/span><\/a><\/p>\t\t\t\t\t\t<\/div>\n\t\t\t\t<\/div>\n\t\t\t\t\t<\/div>\n\t\t<\/div>\n\t\t\t\t<div class=\"elementor-column elementor-col-50 elementor-inner-column elementor-element elementor-element-71df0703\" data-id=\"71df0703\" data-element_type=\"column\">\n\t\t\t<div class=\"elementor-widget-wrap elementor-element-populated\">\n\t\t\t\t\t\t\t\t<div class=\"elementor-element elementor-element-41f23a52 elementor-widget elementor-widget-image\" data-id=\"41f23a52\" data-element_type=\"widget\" data-widget_type=\"image.default\">\n\t\t\t\t<div class=\"elementor-widget-container\">\n\t\t\t\t\t\t\t\t\t\t\t\t\t\t\t<img decoding=\"async\" width=\"397\" height=\"250\" src=\"https:\/\/www.demenhouse.fr\/blog-conseils\/wp-content\/uploads\/2022\/03\/AFTRAL-partenaire-demenhouse.jpg\" class=\"attachment-large size-large wp-image-3526\" alt=\"\" srcset=\"https:\/\/www.demenhouse.fr\/blog-conseils\/wp-content\/uploads\/2022\/03\/AFTRAL-partenaire-demenhouse.jpg 397w, https:\/\/www.demenhouse.fr\/blog-conseils\/wp-content\/uploads\/2022\/03\/AFTRAL-partenaire-demenhouse-300x189.jpg 300w\" sizes=\"(max-width: 397px) 100vw, 397px\" \/>\t\t\t\t\t\t\t\t\t\t\t\t\t\t\t<\/div>\n\t\t\t\t<\/div>\n\t\t\t\t<div class=\"elementor-element elementor-element-4aab2ff8 elementor-widget elementor-widget-heading\" data-id=\"4aab2ff8\" data-element_type=\"widget\" data-widget_type=\"heading.default\">\n\t\t\t\t<div class=\"elementor-widget-container\">\n\t\t\t<h3 class=\"elementor-heading-title elementor-size-default\">AFTRAL\n\n<\/h3>\t\t<\/div>\n\t\t\t\t<\/div>\n\t\t\t\t<div class=\"elementor-element elementor-element-1df67ef9 elementor-widget elementor-widget-text-editor\" data-id=\"1df67ef9\" data-element_type=\"widget\" data-widget_type=\"text-editor.default\">\n\t\t\t\t<div class=\"elementor-widget-container\">\n\t\t\t\t\t\t\t<p>Organisme de formation professionnelle initiale et continue en Transport et \u00a0Logistique en France et en Europe, avec 100 centres sur l\u2019ensemble du territoire m\u00e9tropolitain et Outre-Mer.<\/p><p>Plus de 2 000 collaborateurs dont 1 000 formateurs qui ont tous une exp\u00e9rience en Transport Logistique, 44 centres de formation d\u2019Apprentis, 24 \u00e9coles de jeunes.<\/p><p>AFTRAL dispense des formations initiales du CAP \u00e0 bac+6, au sein de son r\u00e9seau d\u2019\u00e9coles sup\u00e9rieures (ISTELI, ENSTV, EPT, IML) et de ses CFATL (Centres de Formation d\u2019Apprentis en Transport Logistique)<\/p><p>Rendez-vous sur : <a href=\"https:\/\/www.aftral.com\/\"><span style=\"color: #bd9e5b;\">https:\/\/www.aftral.com\/<\/span><\/a><\/p>\t\t\t\t\t\t<\/div>\n\t\t\t\t<\/div>\n\t\t\t\t\t<\/div>\n\t\t<\/div>\n\t\t\t\t\t\t\t<\/div>\n\t\t<\/section>\n\t\t\t\t<section class=\"elementor-section elementor-inner-section elementor-element elementor-element-4782da9 elementor-section-boxed elementor-section-height-default elementor-section-height-default\" data-id=\"4782da9\" data-element_type=\"section\" data-settings=\"{&quot;_ha_eqh_enable&quot;:false}\">\n\t\t\t\t\t\t<div class=\"elementor-container elementor-column-gap-default\">\n\t\t\t\t\t<div class=\"elementor-column elementor-col-100 elementor-inner-column elementor-element elementor-element-4e8c2b38\" data-id=\"4e8c2b38\" data-element_type=\"column\">\n\t\t\t<div class=\"elementor-widget-wrap elementor-element-populated\">\n\t\t\t\t\t\t\t\t<div class=\"elementor-element elementor-element-597ee603 elementor-widget elementor-widget-image\" data-id=\"597ee603\" data-element_type=\"widget\" data-widget_type=\"image.default\">\n\t\t\t\t<div class=\"elementor-widget-container\">\n\t\t\t\t\t\t\t\t\t\t\t\t\t\t\t<img decoding=\"async\" width=\"425\" height=\"319\" src=\"https:\/\/www.demenhouse.fr\/blog-conseils\/wp-content\/uploads\/2022\/03\/esgci-ecole-partenaire-demenhouse.jpg\" class=\"attachment-large size-large wp-image-3527\" alt=\"\" srcset=\"https:\/\/www.demenhouse.fr\/blog-conseils\/wp-content\/uploads\/2022\/03\/esgci-ecole-partenaire-demenhouse.jpg 425w, https:\/\/www.demenhouse.fr\/blog-conseils\/wp-content\/uploads\/2022\/03\/esgci-ecole-partenaire-demenhouse-300x225.jpg 300w\" sizes=\"(max-width: 425px) 100vw, 425px\" \/>\t\t\t\t\t\t\t\t\t\t\t\t\t\t\t<\/div>\n\t\t\t\t<\/div>\n\t\t\t\t<div class=\"elementor-element elementor-element-16c10345 elementor-widget elementor-widget-heading\" data-id=\"16c10345\" data-element_type=\"widget\" data-widget_type=\"heading.default\">\n\t\t\t\t<div class=\"elementor-widget-container\">\n\t\t\t<h3 class=\"elementor-heading-title elementor-size-default\">Ecole Sup\u00e9rieur de Gestion et de Commerce Internationale<\/h3>\t\t<\/div>\n\t\t\t\t<\/div>\n\t\t\t\t<div class=\"elementor-element elementor-element-2f17861c elementor-widget elementor-widget-text-editor\" data-id=\"2f17861c\" data-element_type=\"widget\" data-widget_type=\"text-editor.default\">\n\t\t\t\t<div class=\"elementor-widget-container\">\n\t\t\t\t\t\t\t<p>L\u2019\u00e9cole sup\u00e9rieure de gestion et de commerce internationale (<span style=\"color: #bd9e5b;\"><a style=\"color: #bd9e5b;\" href=\"https:\/\/www.esgci.com\/\">ESGCI<\/a><\/span>) situ\u00e9 \u00e0 Paris 11\u00e8me. 6 sp\u00e9cialisations sont disponibles allant de BAC \u00e0 BAC+5, comptant 4 bachelors dans le classement des meilleurs \u00e9coles de commerce et des meilleurs licences et bachelors de SMBG. L\u2019\u00e9cole compte pr\u00e8s de 1 600 \u00e9l\u00e8ves et 63 nationalit\u00e9s diff\u00e9rentes, avec une possibilit\u00e9 de d\u00e9part \u00e0 l\u2019international d\u00e8s la 2\u00e8me ann\u00e9e.<\/p><p>Plus d\u2019informations sur leur site : <a href=\"http:\/\/www.esgci.com\"><span style=\"color: #bd9e5b;\">www.esgci.com<\/span><\/a><\/p>\t\t\t\t\t\t<\/div>\n\t\t\t\t<\/div>\n\t\t\t\t\t<\/div>\n\t\t<\/div>\n\t\t\t\t\t\t\t<\/div>\n\t\t<\/section>\n\t\t\t\t\t<\/div>\n\t\t<\/div>\n\t\t\t\t\t\t\t<\/div>\n\t\t<\/section>\n\t\t\t\t\t\t\t<\/div>\n\t\t","protected":false},"excerpt":{"rendered":"<p>Accueil Nos Partenaires Nos partenaires D\u00e9couvrez les partenaires qui nous font confiance Emma\u00fcs libert\u00e9 Emma\u00fcs Libert\u00e9, dans le Val-de-Marne r\u00e9cup\u00e8re les objets, meubles et v\u00eatements en bon \u00e9tat. La plupart de ces dons proviennent de particuliers et sont revendus pour payer l\u2019ensemble des charges de la Communaut\u00e9 et fournir un h\u00e9bergement et une activit\u00e9 aux [&hellip;]<\/p>\n","protected":false},"author":1,"featured_media":0,"parent":0,"menu_order":0,"comment_status":"closed","ping_status":"closed","template":"","meta":{"_seopress_robots_primary_cat":"","footnotes":""},"class_list":["post-3531","page","type-page","status-publish","hentry"],"_links":{"self":[{"href":"https:\/\/www.demenhouse.fr\/blog-conseils\/wp-json\/wp\/v2\/pages\/3531","targetHints":{"allow":["GET"]}}],"collection":[{"href":"https:\/\/www.demenhouse.fr\/blog-conseils\/wp-json\/wp\/v2\/pages"}],"about":[{"href":"https:\/\/www.demenhouse.fr\/blog-conseils\/wp-json\/wp\/v2\/types\/page"}],"author":[{"embeddable":true,"href":"https:\/\/www.demenhouse.fr\/blog-conseils\/wp-json\/wp\/v2\/users\/1"}],"replies":[{"embeddable":true,"href":"https:\/\/www.demenhouse.fr\/blog-conseils\/wp-json\/wp\/v2\/comments?post=3531"}],"version-history":[{"count":25,"href":"https:\/\/www.demenhouse.fr\/blog-conseils\/wp-json\/wp\/v2\/pages\/3531\/revisions"}],"predecessor-version":[{"id":3590,"href":"https:\/\/www.demenhouse.fr\/blog-conseils\/wp-json\/wp\/v2\/pages\/3531\/revisions\/3590"}],"wp:attachment":[{"href":"https:\/\/www.demenhouse.fr\/blog-conseils\/wp-json\/wp\/v2\/media?parent=3531"}],"curies":[{"name":"wp","href":"https:\/\/api.w.org\/{rel}","templated":true}]}}